{"id":71,"date":"2018-11-04T09:26:41","date_gmt":"2018-11-04T09:26:41","guid":{"rendered":"http:\/\/www.av-arkki.fi\/?page_id=71"},"modified":"2025-09-26T19:46:42","modified_gmt":"2025-09-26T16:46:42","slug":"arkistoon-tarjoaminen","status":"publish","type":"page","link":"https:\/\/www.av-arkki.fi\/fi\/yhdistys\/arkistoon-tarjoaminen\/","title":{"rendered":"Tarjoa teostasi arkistoon!"},"content":{"rendered":"\n<p>Arkistoon otetaan vuosittain noin 100 teosta vertaisarvioinnin kautta. Vertaisarvioinnin toteuttaa AV-arkin arkistoty\u00f6ryhm\u00e4.<\/p>\n\n\n\n<p>Arkistoonhaun yhteydess\u00e4 taiteilija tai yhteis\u00f6 voi hakea AV-arkin j\u00e4seneksi. J\u00e4senen\u00e4 voi osallistua toiminnan kehitt\u00e4miseen ja yhdistyksen vuosikokouksiin sek\u00e4 asettua ehdolle hallitukseen.<br>J\u00e4senyys ei kuitenkaan ole en\u00e4\u00e4 arkistoonhaun edellytys.<\/p>\n\n\n\n<p>Taiteilijoilta, joiden teoksia on AV-arkin arkistossa laskutetaan vuosittain joko j\u00e4senmaksu tai j\u00e4senmaksun suuruinen palvelumaksu (75 \u20ac vuonna 2025). N\u00e4ill\u00e4 maksuilla katetaan esimerkiksi osa verkkopalvelun teosarkiston yll\u00e4pidosta johtuvista kustannuksia.<\/p>\n\n\n\n<p>Uudistus nopeuttaa arkistolle uusien taiteilijoiden teosten mukaan p\u00e4\u00e4semist\u00e4 ja palvelee tulevaisuudessa esimerkiksi perikuntia, jotka haluavat hoitaa edesmenneen taiteilijan teoksien pitk\u00e4aikaisarkistointia ja jakelua yhteisty\u00f6ss\u00e4 AV-arkin kanssa.<\/p>\n\n\n\n<p><a href=\"https:\/\/docs.google.com\/forms\/d\/e\/1FAIpQLSdq5Y4AwcL1wZayrTdVN1hmInBbrfv6gXAe9w0Q0qSU9gS_iw\/viewform\">Taiteilijat, joilla on jo teoksia AV-arkin arkistossa, voivat tarjota uusia teoksia arkistoon t\u00e4ll\u00e4 lomakkeella.<\/a><\/p>\n\n\n\n<p><a href=\"https:\/\/docs.google.com\/forms\/d\/e\/1FAIpQLSdpA7rgfJ34PrjYmKxlvDTAzM8Is3ThtP6BnL_m8K941hyPmw\/viewform\">Taiteilijat, joilla ei ole viel\u00e4 teoksia AV-arkin arkistossa, voivat tarjota uusia teoksia arkistoon ja levityskatalogille t\u00e4ll\u00e4 lomakkeella. Samalla voi halutessaan hakea yhdistyksen j\u00e4seneksi.<\/a><\/p>\n\n\n\n<p>Yhteis\u00f6j\u00e4seneksi hakemisesta ja perikunnille suunnatuista arkistointi- ja jakelupalveluista saa tietoa AV-arkin toiminnanjohtaja Hanna Maria Anttilalta. Toiminnanjohtaja antaa lis\u00e4tietoa my\u00f6s, jos haluat hakea yhdistyksen j\u00e4seneksi, mutta et halua tarjota t\u00e4ll\u00e4 hetkell\u00e4 teoksia AV-arkin arkistoon.<\/p>\n\n\n\n<h2 class=\"wp-block-heading\">Kuka voi tarjota teoksia arkistoon?<\/h2>\n\n\n\n<p>AV-arkki on taiteilijaj\u00e4rjest\u00f6, jonka j\u00e4senin\u00e4 on laaja-alaisesti mm. kuvataiteilijoita, videotaiteilijoita, mediataitelijoita ja kokeellisen elokuvan tekij\u00f6it\u00e4. Arkistoon voivat hakea mediataiteen alalla toimivat ammattilaiset (ei opiskelijat tai harrastelijat), jotka asuvat pysyv\u00e4sti Suomessa, ovat Suomen kansalaisia tai joiden suhde Suomeen on niin voimakas, ett\u00e4 heid\u00e4n tuotantonsa katsotaan edustavan suomalaista mediataidetta.<\/p>\n","protected":false},"excerpt":{"rendered":"<p>Arkistoon otetaan vuosittain noin 100 teosta vertaisarvioinnin kautta. Vertaisarvioinnin toteuttaa AV-arkin arkistoty\u00f6ryhm\u00e4. Arkistoonhaun yhteydess\u00e4 taiteilija tai yhteis\u00f6 voi hakea AV-arkin j\u00e4seneksi. J\u00e4senen\u00e4 voi osallistua toiminnan kehitt\u00e4miseen ja yhdistyksen&#8230; <a class=\"excerpt-read-more\" href=\"https:\/\/www.av-arkki.fi\/fi\/yhdistys\/arkistoon-tarjoaminen\/\" title=\"ReadTarjoa teostasi arkistoon!\">Lue lis\u00e4\u00e4 \u00bb<\/a><\/p>\n","protected":false},"author":4,"featured_media":0,"parent":27,"menu_order":7,"comment_status":"closed","ping_status":"closed","template":"","meta":{"_acf_changed":false,"footnotes":""},"class_list":["post-71","page","type-page","status-publish","hentry"],"acf":[],"_links":{"self":[{"href":"https:\/\/www.av-arkki.fi\/fi\/wp-json\/wp\/v2\/pages\/71","targetHints":{"allow":["GET"]}}],"collection":[{"href":"https:\/\/www.av-arkki.fi\/fi\/wp-json\/wp\/v2\/pages"}],"about":[{"href":"https:\/\/www.av-arkki.fi\/fi\/wp-json\/wp\/v2\/types\/page"}],"author":[{"embeddable":true,"href":"https:\/\/www.av-arkki.fi\/fi\/wp-json\/wp\/v2\/users\/4"}],"replies":[{"embeddable":true,"href":"https:\/\/www.av-arkki.fi\/fi\/wp-json\/wp\/v2\/comments?post=71"}],"version-history":[{"count":0,"href":"https:\/\/www.av-arkki.fi\/fi\/wp-json\/wp\/v2\/pages\/71\/revisions"}],"up":[{"embeddable":true,"href":"https:\/\/www.av-arkki.fi\/fi\/wp-json\/wp\/v2\/pages\/27"}],"wp:attachment":[{"href":"https:\/\/www.av-arkki.fi\/fi\/wp-json\/wp\/v2\/media?parent=71"}],"curies":[{"name":"wp","href":"https:\/\/api.w.org\/{rel}","templated":true}]}}