{"id":592,"date":"2019-01-15T14:01:04","date_gmt":"2019-01-15T14:01:04","guid":{"rendered":"http:\/\/www.av-arkki.fi\/?page_id=592"},"modified":"2020-10-28T21:12:19","modified_gmt":"2020-10-28T18:12:19","slug":"kayttoehdot","status":"publish","type":"page","link":"https:\/\/www.av-arkki.fi\/fi\/kayttoehdot\/","title":{"rendered":"av-arkki.fi -verkkopalvelun k\u00e4ytt\u00f6ehdot"},"content":{"rendered":"\n<h3 class=\"wp-block-heading\">N\u00e4it\u00e4 k\u00e4ytt\u00f6ehtoja sovelletaan AV-arkin verkkopalveluun ja sen kautta tarjolla olevan sis\u00e4ll\u00f6n ja aineistojen k\u00e4ytt\u00e4miseen. K\u00e4ytt\u00e4j\u00e4n on sitouduttava noudattamaan n\u00e4it\u00e4 k\u00e4ytt\u00f6ehtoja voidakseen k\u00e4ytt\u00e4\u00e4 palvelua. AV-arkki pid\u00e4tt\u00e4\u00e4 itsell\u00e4\u00e4n oikeuden sis\u00e4ll\u00f6n ja k\u00e4ytt\u00f6ehtojen muutoksiin. <br><br><\/h3>\n\n\n\n<h2 class=\"wp-block-heading\"><strong>Sivujen yll\u00e4pit\u00e4j\u00e4<\/strong><\/h2>\n\n\n\n<p>N\u00e4it\u00e4 sivuja yll\u00e4pit\u00e4\u00e4 suomalaisen mediataiteen keskus AV-arkki. Taiteilijoiden perustaman yhdistyksen j\u00e4senin\u00e4 on yli 250 suomalaista tai Suomessa asuvaa mediataiteilijaa. Toiminnan tarkoitus on levitt\u00e4\u00e4 ja edist\u00e4\u00e4 suomalaista mediataidetta ja -kulttuuria yleisesti.<\/p>\n\n\n\n<h2 class=\"wp-block-heading\"><strong>Mik\u00e4 av-arkki.fi-palvelu on ja mihin tarkoitukseen palvelun sis\u00e4lt\u00f6j\u00e4 saa k\u00e4ytt\u00e4\u00e4?<\/strong><\/h2>\n\n\n\n<p>AV-arkki.fi-palvelu on suomalaisen mediataiteen keskus AV-arkin verkkopalvelu, joka on levitysarkisto ja suomalaisen mediataiteen tietopankki. <br><\/p>\n\n\n\n<p>Videosis\u00e4lt\u00f6jen katsominen AV-arkki.fi-sivustolla edellytt\u00e4\u00e4 rekister\u00f6itymist\u00e4. Videosis\u00e4ll\u00f6t on tarkoitettu vain ammattimaiseen esikatseluun*, eik\u00e4 sivuston teoksia saa esitt\u00e4\u00e4 verkkopalvelun kautta julkisesti tapahtuma-, festivaali-, opetus- tai muussa k\u00e4yt\u00f6ss\u00e4. Varsinaiset esityskopiot- ja -oikeudet teoksiin toimitetaan AV-arkista tilauksen mukaan. Esitysoikeuksien vuokraamisesta l\u00f6yd\u00e4t lis\u00e4\u00e4 tietoa verkkosivuiltamme.<\/p>\n\n\n\n<p>*<em>Esikatselu on teoksiin tutustumista tarkoituksena l\u00f6yt\u00e4\u00e4 omaan esitystoimintaan sopivia sis\u00e4lt\u00f6j\u00e4 &#8211; esimerkiksi tapahtumiin, n\u00e4yttelyihin, luennoille, n\u00e4yt\u00f6ksiin ja festivaaleille. <br><\/em><\/p>\n\n\n\n<h2 class=\"wp-block-heading\"><strong>Palveluun rekister\u00f6ityminen<\/strong><\/h2>\n\n\n\n<p>K\u00e4ytt\u00e4j\u00e4 rekister\u00f6ityy AV-arkin sivuilla <a href=\"http:\/\/www.av-arkki.fi\">www.av-arkki.fi<\/a> t\u00e4ytt\u00e4m\u00e4ll\u00e4 rekister\u00f6intiin vaadittavat tietokent\u00e4t ja hyv\u00e4ksym\u00e4ll\u00e4 n\u00e4m\u00e4 <em>Verkkopalvelun k\u00e4ytt\u00f6ehdot<\/em> itse\u00e4\u00e4n sitoviksi. Rekister\u00f6itymisen yhteydess\u00e4 k\u00e4ytt\u00e4j\u00e4 valitsee itselleen k\u00e4ytt\u00e4j\u00e4tunnuksen ja salasanan. K\u00e4ytt\u00e4j\u00e4tunnukset ovat henkil\u00f6kohtaiset eik\u00e4 niit\u00e4 saa luovuttaa eteenp\u00e4in. K\u00e4ytt\u00e4j\u00e4 sitoutuu luomaan AV-arkki.fi-palvelua varten salasanan, joka ei ole k\u00e4yt\u00f6ss\u00e4 miss\u00e4\u00e4n muussa verkkopalvelussa.<\/p>\n\n\n\n<h2 class=\"wp-block-heading\"><strong>Oikeudet<\/strong><\/h2>\n\n\n\n<p>Sivuston sis\u00e4lt\u00f6 ja ulkoasu ovat tekij\u00e4noikeuden suojaamia. Sivuston omistusoikeus sek\u00e4 kaikki tekij\u00e4noikeudet ja muut immateriaalioikeudet ovat AV-arkilla tai tekij\u00e4noikeuksien haltijoilla. <\/p>\n\n\n\n<p>Teosten kopioiminen, muuttaminen, jakelu ja kaikki muu k\u00e4ytt\u00f6 vaatii tekij\u00e4n luvan. AV-arkilla on lupa taiteilijoilta heid\u00e4n t\u00f6idens\u00e4 esitt\u00e4miseen av-arkki.fi-sivustolla. <\/p>\n\n\n\n<h2 class=\"wp-block-heading\"><strong>K\u00e4ytt\u00e4j\u00e4n oikeus k\u00e4ytt\u00e4\u00e4 sivustoa<\/strong><\/h2>\n\n\n\n<p>K\u00e4ytt\u00e4j\u00e4 saa k\u00e4ytt\u00e4\u00e4 sivuston esikatselumateriaalia, videoita ja teostietoja vain yksityiseen esikatselu- tai tutkimustoimintaansa. K\u00e4ytt\u00e4j\u00e4ll\u00e4 ei ole oikeutta levitt\u00e4\u00e4, v\u00e4litt\u00e4\u00e4, esitt\u00e4\u00e4 tai n\u00e4ytt\u00e4\u00e4 esikatselumateriaaleja ja -videoita julkisesti, ellei AV-arkki ole ennalta antanut siihen suostumusta. <\/p>\n\n\n\n<h2 class=\"wp-block-heading\"><strong>K\u00e4ytt\u00e4j\u00e4tunnus ja salasana<\/strong><\/h2>\n\n\n\n<p>K\u00e4ytt\u00e4j\u00e4 vastaa k\u00e4ytt\u00e4j\u00e4tunnuksensa ja salasanansa s\u00e4ilytt\u00e4misest\u00e4 ja siit\u00e4, etteiv\u00e4t ne p\u00e4\u00e4dy ulkopuolisten tietoon tai haltuun. Henkil\u00f6kohtaista salasanaa ei saa luovuttaa toisille.<\/p>\n\n\n\n<h2 class=\"wp-block-heading\"><strong>Henkil\u00f6tiedot<\/strong><\/h2>\n\n\n\n<p>K\u00e4ytt\u00e4j\u00e4n tulee antaa AV-arkille verkkosivuille rekister\u00f6itymisen edellytt\u00e4m\u00e4t tarpeelliset henkil\u00f6- ja muut tiedot. AV-arkilla on oikeus k\u00e4sitell\u00e4 k\u00e4ytt\u00e4j\u00e4n henkil\u00f6tietoja henkil\u00f6tietolain ja muun lains\u00e4\u00e4d\u00e4nn\u00f6n mukaisesti. Henkil\u00f6tietoja ei koskaan luovuteta ulkopuolisten k\u00e4ytt\u00f6\u00f6n. Lis\u00e4tietoja henkil\u00f6tietojen k\u00e4yt\u00f6st\u00e4 AV-arkin tietosuojaselosteessa (linkki). AV-arkki l\u00e4hett\u00e4\u00e4 k\u00e4ytt\u00e4j\u00e4ksi rekister\u00f6ityneille taidealan ammattilaisille s\u00e4hk\u00f6ist\u00e4 viestint\u00e4\u00e4 ja uutiskirjeit\u00e4.<\/p>\n\n\n\n<h2 class=\"wp-block-heading\"><strong>Palvelun k\u00e4yt\u00f6st\u00e4 aiheutuva vahingonkorvausvelvollisuus<\/strong><\/h2>\n\n\n\n<p>K\u00e4ytt\u00e4j\u00e4 on velvollinen korvaamaan AV-arkille ja sen edustamille taiteilijoille n\u00e4iden k\u00e4ytt\u00f6ehtojen tai lain vastaisen k\u00e4yt\u00f6n aiheuttamat vahingot. <\/p>\n\n\n\n<p>AV-arkki ei voi taata sivuillaan olevan tiedon paikkaansapit\u00e4vyytt\u00e4 tai ajantasaisuutta. AV-arkki ei ole velvollinen korvaamaan sivuston k\u00e4yt\u00f6st\u00e4 k\u00e4ytt\u00e4j\u00e4lle mahdollisesti aiheutuvia vahinkoja.<\/p>\n\n\n\n<p>AV-arkki ei vastaa av-arkki.fi-sivuilla linkattujen ulkoisten verkkosivustojen sis\u00e4ll\u00f6st\u00e4.<br><\/p>\n\n\n\n<h2 class=\"wp-block-heading\"><strong>Oikeus muutoksiin<\/strong><\/h2>\n\n\n\n<p>Pid\u00e4t\u00e4mme itsell\u00e4mme oikeuden olla my\u00f6nt\u00e4m\u00e4tt\u00e4 rekister\u00f6itymistunnuksia, mik\u00e4li suunniteltu k\u00e4ytt\u00f6 ei ole ammattimaista esikatselutoimintaa. AV-arkki pid\u00e4tt\u00e4\u00e4 itsell\u00e4\u00e4n oikeuden poistaa k\u00e4ytt\u00e4j\u00e4tunnuksen, mik\u00e4li tunnuksia k\u00e4ytet\u00e4\u00e4n n\u00e4iden k\u00e4ytt\u00f6ehtojen vastaisesti.<\/p>\n\n\n\n<p>Pid\u00e4t\u00e4mme itsell\u00e4mme oikeuden muuttaa verkkopalvelun k\u00e4ytt\u00f6ehtoja ilmoittamalla siit\u00e4 verkkosivuillamme. Muutokset voivat perustua AV-arkin toiminnan kehitt\u00e4miseen ja\/tai lains\u00e4\u00e4d\u00e4nn\u00f6n muuttumiseen. Suosittelemme tutustumaan verkkopalvelun k\u00e4ytt\u00f6ehtojen sis\u00e4lt\u00f6\u00f6n s\u00e4\u00e4nn\u00f6llisesti.<\/p>\n\n\n\n<h2 class=\"wp-block-heading\"><strong>Yhteyden ottaminen <\/strong><strong>AV-arkkiin<\/strong><\/h2>\n\n\n\n<p>Jos sinulla on kysymyksi\u00e4 tai huolia t\u00e4m\u00e4n sopimuksen suhteen, ota yhteytt\u00e4 AV-arkkiin: director@av-arkki.fi<br><\/p>\n","protected":false},"excerpt":{"rendered":"<p>N\u00e4it\u00e4 k\u00e4ytt\u00f6ehtoja sovelletaan AV-arkin verkkopalveluun ja sen kautta tarjolla olevan sis\u00e4ll\u00f6n ja aineistojen k\u00e4ytt\u00e4miseen. K\u00e4ytt\u00e4j\u00e4n on sitouduttava noudattamaan n\u00e4it\u00e4 k\u00e4ytt\u00f6ehtoja voidakseen k\u00e4ytt\u00e4\u00e4 palvelua. AV-arkki pid\u00e4tt\u00e4\u00e4 itsell\u00e4\u00e4n oikeuden sis\u00e4ll\u00f6n&#8230; <a class=\"excerpt-read-more\" href=\"https:\/\/www.av-arkki.fi\/fi\/kayttoehdot\/\" title=\"Readav-arkki.fi -verkkopalvelun k\u00e4ytt\u00f6ehdot\">Lue lis\u00e4\u00e4 \u00bb<\/a><\/p>\n","protected":false},"author":4,"featured_media":0,"parent":0,"menu_order":0,"comment_status":"closed","ping_status":"closed","template":"","meta":{"_acf_changed":false,"footnotes":""},"class_list":["post-592","page","type-page","status-publish","hentry"],"acf":[],"_links":{"self":[{"href":"https:\/\/www.av-arkki.fi\/fi\/wp-json\/wp\/v2\/pages\/592","targetHints":{"allow":["GET"]}}],"collection":[{"href":"https:\/\/www.av-arkki.fi\/fi\/wp-json\/wp\/v2\/pages"}],"about":[{"href":"https:\/\/www.av-arkki.fi\/fi\/wp-json\/wp\/v2\/types\/page"}],"author":[{"embeddable":true,"href":"https:\/\/www.av-arkki.fi\/fi\/wp-json\/wp\/v2\/users\/4"}],"replies":[{"embeddable":true,"href":"https:\/\/www.av-arkki.fi\/fi\/wp-json\/wp\/v2\/comments?post=592"}],"version-history":[{"count":0,"href":"https:\/\/www.av-arkki.fi\/fi\/wp-json\/wp\/v2\/pages\/592\/revisions"}],"wp:attachment":[{"href":"https:\/\/www.av-arkki.fi\/fi\/wp-json\/wp\/v2\/media?parent=592"}],"curies":[{"name":"wp","href":"https:\/\/api.w.org\/{rel}","templated":true}]}}