{"id":34565,"date":"2019-01-21T11:53:35","date_gmt":"2019-01-21T11:53:35","guid":{"rendered":"http:\/\/www.av-arkki.fi\/?page_id=34565"},"modified":"2024-07-18T13:04:42","modified_gmt":"2024-07-18T10:04:42","slug":"julkaisut","status":"publish","type":"page","link":"https:\/\/www.av-arkki.fi\/fi\/yhdistys\/julkaisut\/","title":{"rendered":"Julkaisut"},"content":{"rendered":"\n<p><\/p>\n\n\n\n<h2 class=\"wp-block-heading\">Oppimateriaalit<\/h2>\n\n\n\n<h3 class=\"wp-block-heading\"><a href=\"https:\/\/www.av-arkki.fi\/wp-content\/uploads\/taiteilijan_opas_festivaalijakeluun.pdf\">TAITEILIJAN OPAS FESTIVAALIJAKELUUN<\/a><\/h3>\n\n\n\n<p>(English version: <strong><a href=\"https:\/\/www.av-arkki.fi\/wp-content\/uploads\/artists_guide_to_festival_distribution.pdf\">ARTIST&#8217;S GUIDE FOR FESTIVAL DISTRIBUTION<\/a><\/strong>)<\/p>\n\n\n\n<p>Elokuvafestivaalit ovat merkitt\u00e4v\u00e4 osa my\u00f6s mediataiteen kansainv\u00e4list\u00e4 ja kotimaista jakelua. Elokuvateosten lis\u00e4ksi n\u00e4iss\u00e4 tapahtumissa esitet\u00e4\u00e4n my\u00f6s installaatioita, VR- ja AR-teoksia sek\u00e4 live ja expanded cinemaa. Oppassamme annamme neuvoja festivaalistrategian rakentamiseen, promootiomateriaalien tuottamiseen, festivaaleilla verkostoitumiseen sek\u00e4 kansainv\u00e4listen myyntiagenttien kanssa toimimiseen ja muihin levitysmahdollisuuksiin festivaalilevityksen ulkopuolella.<\/p>\n\n\n\n<p><strong>Kulttuuri- ja luovien alojen uudistumisen rakennetuki<br><\/strong>Opas on tuotettu osana&nbsp;isompaa vuosina 2022\u20132024 toteutettavaa hankekokonaisuutta, joka toteutettiin opetus- ja kulttuuriministeri\u00f6n my\u00f6nt\u00e4m\u00e4n kulttuuri- ja luovien alojen uudistumisen rakennetuen turvin. Hankkeessa kehitettiin suomalaisen mediataiteen kansainv\u00e4lisen festivaalijakelun prosesseja ja yhteisty\u00f6malleja. Hankkeessa korostuu my\u00f6s organisaatioiden v\u00e4linen vertaisoppiminen. Pilottihanke purki siiloja audiovisuaalisten taidemuotojen sis\u00e4ll\u00e4 sek\u00e4 nykytaiteen ja elokuva-alan v\u00e4lill\u00e4.<br>Suomen kest\u00e4v\u00e4n kasvun ohjelmalla tuettiin hallitusohjelman tavoitteiden mukaisesti ekologisesti, sosiaalisesti ja taloudellisesti kest\u00e4v\u00e4\u00e4 kasvua. Suomen elpymis- ja palautumissuunnitelman rahoitus tuli EU:n elpymis- ja palautumistukiv\u00e4lineest\u00e4 (Rescue and Recovery Facility, RRF), joka on yksi EU:n kertaluonteisen elpymisv\u00e4lineen, Next Generation EU, ohjelmista.<\/p>\n\n\n\n<h3 class=\"wp-block-heading\"><a rel=\"noreferrer noopener\" aria-label=\"MUSIIKIN K\u00c4YTT\u00d6 MEDIATAIDETEOKSESSA&nbsp; (opens in a new tab)\" href=\"https:\/\/www.av-arkki.fi\/wp-content\/uploads\/2019\/10\/av-arkki_musiikin_kaytto_opas_2019.pdf\" target=\"_blank\">MUSIIKIN K\u00c4YTT\u00d6 MEDIATAIDETEOKSESSA&nbsp;<\/a>(p\u00e4ivitetty versio 2019)<br>Musiikin tekij\u00e4noikeusluvat mediataiteen tuotannossa ja esitt\u00e4misess\u00e4.<\/h3>\n\n\n\n<p>Teoston oikeudenomaistajien asiakassopimus uudistui 18.3.2019. Uusi asiakassopimus antaa musiikintekij\u00f6ille lis\u00e4\u00e4 joustoa tekij\u00e4noikeuksien hallinnointiin.<\/p>\n\n\n\n<p>Uuden sopimuksen mukaisesti, teoksen oikeudenomistaja (s\u00e4velt\u00e4j\u00e4, sanoittaja, kustantaja) voi halutessaan siirt\u00e4\u00e4 tietyn teoksen kokonaan Teostolta omaan hallintaansa. T\u00e4ll\u00f6in oikeudenomistaja sopii ja laskuttaa itse teoksen k\u00e4ytt\u00f6korvauksen musiikkia k\u00e4ytt\u00e4v\u00e4n tahon kanssa. Irrottaminen koskee teoksen esitys-, tallennus- ja synkronointioikeuksia.<\/p>\n\n\n\n<p>Mik\u00e4li musiikintekij\u00e4t haluavat tehd\u00e4 taiteellista yhteisty\u00f6t\u00e4 mediataiteilijan kanssa teoksessa, he ovat nyt halutessaan vapaita sopimaan musiikin k\u00e4yt\u00f6n korvauksen suoraan mediataiteilijan kanssa. T\u00e4m\u00e4 uudistus on huomioitu yll\u00e4olevassa, 2019 p\u00e4ivitetyss\u00e4 ohjeistuksessa.<\/p>\n\n\n\n<h3 class=\"wp-block-heading\"><br><a href=\"http:\/\/www.av-arkki.fi\/wp-content\/uploads\/2019\/05\/av-arkki_teosmyynti_oppimateriaali_2018.pdf\" target=\"_blank\" rel=\"noreferrer noopener\" aria-label=\"OHJEISTUS MEDIATAIDETEOKSEN MYYNTISOPIMUKSEN TEKEMISEEN&nbsp; (opens in a new tab)\">OHJEISTUS MEDIATAIDETEOKSEN MYYNTISOPIMUKSEN TEKEMISEEN&nbsp;<\/a>(2018)<\/h3>\n\n\n\n<p>T\u00e4ss\u00e4 ohjeistuksessa on koottuna asioita, jotka mediataideteoksen myyntisopimukseen tulisi sis\u00e4llytt\u00e4\u00e4. T\u00e4m\u00e4n julkaisun ohjeistus koskee tilannetta, jossa mediataideteoksen ostajana on yksityishenkil\u00f6, kokoelma tai museo, joka haluaa liitt\u00e4\u00e4 teoksen osaksi taidekokoelmaansa. T\u00e4ll\u00f6in ostaja saa oikeuden tietyin ehdoin esitt\u00e4\u00e4 teosta julkisesti sek\u00e4 kopioida ja muuttaa tiedostomuotoja teoksen arkistoinnin ja esityskelpoisena s\u00e4ilymisen takaamiseksi, eik\u00e4 esityskertojen m\u00e4\u00e4r\u00e4 tai ajankohta ei ole rajattu. <\/p>\n\n\n\n<p>Teosmyyntisopimus\/-hankintasopimus tulee aina muotoilla teoskohtaisesti, jotta saadaan aikaiseksi mahdollisimman hyvin kullekin teokselle soveltuva sopimus. Teoksen luonteen lis\u00e4ksi sopimuksen sis\u00e4lt\u00f6\u00f6n vaikuttaa se, kuka teoksen ostaa: esimerkiksi julkinen museo, yksityinen ker\u00e4ilij\u00e4 ja internet-jakelija voivat tarvita erilaiset sopimukset. Sopimusasioissa onkin aina suositeltavaa k\u00e4\u00e4nty\u00e4 lakimiehen ja tekij\u00e4noikeusj\u00e4rjest\u00f6jen puoleen.<\/p>\n","protected":false},"excerpt":{"rendered":"<p>Oppimateriaalit TAITEILIJAN OPAS FESTIVAALIJAKELUUN (English version: ARTIST&#8217;S GUIDE FOR FESTIVAL DISTRIBUTION) Elokuvafestivaalit ovat merkitt\u00e4v\u00e4 osa my\u00f6s mediataiteen kansainv\u00e4list\u00e4 ja kotimaista jakelua. Elokuvateosten lis\u00e4ksi n\u00e4iss\u00e4 tapahtumissa esitet\u00e4\u00e4n my\u00f6s installaatioita,&#8230; <a class=\"excerpt-read-more\" href=\"https:\/\/www.av-arkki.fi\/fi\/yhdistys\/julkaisut\/\" title=\"ReadJulkaisut\">Lue lis\u00e4\u00e4 \u00bb<\/a><\/p>\n","protected":false},"author":4,"featured_media":0,"parent":27,"menu_order":4,"comment_status":"closed","ping_status":"closed","template":"","meta":{"_acf_changed":false,"footnotes":""},"class_list":["post-34565","page","type-page","status-publish","hentry"],"acf":[],"_links":{"self":[{"href":"https:\/\/www.av-arkki.fi\/fi\/wp-json\/wp\/v2\/pages\/34565","targetHints":{"allow":["GET"]}}],"collection":[{"href":"https:\/\/www.av-arkki.fi\/fi\/wp-json\/wp\/v2\/pages"}],"about":[{"href":"https:\/\/www.av-arkki.fi\/fi\/wp-json\/wp\/v2\/types\/page"}],"author":[{"embeddable":true,"href":"https:\/\/www.av-arkki.fi\/fi\/wp-json\/wp\/v2\/users\/4"}],"replies":[{"embeddable":true,"href":"https:\/\/www.av-arkki.fi\/fi\/wp-json\/wp\/v2\/comments?post=34565"}],"version-history":[{"count":0,"href":"https:\/\/www.av-arkki.fi\/fi\/wp-json\/wp\/v2\/pages\/34565\/revisions"}],"up":[{"embeddable":true,"href":"https:\/\/www.av-arkki.fi\/fi\/wp-json\/wp\/v2\/pages\/27"}],"wp:attachment":[{"href":"https:\/\/www.av-arkki.fi\/fi\/wp-json\/wp\/v2\/media?parent=34565"}],"curies":[{"name":"wp","href":"https:\/\/api.w.org\/{rel}","templated":true}]}}