{"id":34561,"date":"2019-01-21T11:39:37","date_gmt":"2019-01-21T11:39:37","guid":{"rendered":"http:\/\/www.av-arkki.fi\/?page_id=34561"},"modified":"2025-12-12T13:01:43","modified_gmt":"2025-12-12T10:01:43","slug":"taiteilijoille","status":"publish","type":"page","link":"https:\/\/www.av-arkki.fi\/fi\/palvelut\/taiteilijoille\/","title":{"rendered":"Taiteilijoille"},"content":{"rendered":"\n<h2 class=\"wp-block-heading\">AV-arkin p\u00e4\u00e4teht\u00e4v\u00e4 on promotoida suomalaista mediataidetta. T\u00e4ss\u00e4 teht\u00e4v\u00e4ss\u00e4\u00e4n AV-arkki palvelee taiteilijoita monin keinoin.<\/h2>\n\n\n\n<p>Osana AV-arkin arkistoa taiteilija saa muun muassa:<\/p>\n\n\n\n<p>\u2013  Oman taiteilijasivun AV-arkin verkkopalveluun.<br>\u2013 Mahdollisuuden tarjota teoksia AV-arkin arkistoon. <br>\u2013\u00a0AV-arkki toimittaa arkistoon saapuvat yksikanavaiset teokset pitk\u00e4aikaisarkistoitavaksi KAVIin arkistointiyhteisty\u00f6n puitteissa. <br>\u2013\u00a0AV-arkki promotoi arkistonsa teoksia kuraattoreille, tutkijoille, museoille ja taidekasvattajille.<br>\u2013\u00a0AV-arkki yll\u00e4pit\u00e4\u00e4 deadline-kalenteria, jossa on mediataiteen kannalta t\u00e4rkeiden festivaalien aikataulut.<br>\u2013\u00a0AV-arkki tarjoaa edullisia edit-palveluita ja apua esityskopioiden v\u00e4litt\u00e4miseen. <br>\u2013 AV-arkki tarjoaa neuvontaa ja koulutusta mm. mediataiteen myymiseen, tuottamiseen, jakeluun ja esitt\u00e4miseen liittyviss\u00e4 kysymyksiss\u00e4.<\/p>\n\n\n\n<p>AV-arkin arkistosta vuokrataan teoksia my\u00f6s suoraan eri tapahtumien, festivaalien ja n\u00e4yttelyiden tarpeisiin. 60% ker\u00e4tyist\u00e4 esityskorvauksista maksetaan taiteilijoille rojalteina.<\/p>\n\n\n\n<p>Taiteilijan kannattaa ohjata esityskopiopyynn\u00f6t ja teoskyselyt AV-arkkiin, joilloin hoidamme taiteilijan puolesta:<br>\u2013 esityskopioiden teknisen toteutuksen\u00a0ja perille toimittamisen<br>\u2013 esityskorvauksesta neuvottelemisen \u00a0ja laskuttamisen (t\u00e4m\u00e4nkaltaiset pyynn\u00f6t on teht\u00e4v\u00e4 riitt\u00e4v\u00e4n ajoissa, jotta toimitus AV-arkin kautta on mahdollista.).<\/p>\n\n\n\n<p>AV-arkki edist\u00e4\u00e4 mediataiteen asemaa yhdess\u00e4 muiden\u00a0muiden mediataidealan organisaatioiden\u00a0kanssa sek\u00e4 omien kehitt\u00e4mishankkeidensa kautta.<\/p>\n","protected":false},"excerpt":{"rendered":"<p>AV-arkin p\u00e4\u00e4teht\u00e4v\u00e4 on promotoida suomalaista mediataidetta. T\u00e4ss\u00e4 teht\u00e4v\u00e4ss\u00e4\u00e4n AV-arkki palvelee taiteilijoita monin keinoin. Osana AV-arkin arkistoa taiteilija saa muun muassa: \u2013 Oman taiteilijasivun AV-arkin verkkopalveluun.\u2013 Mahdollisuuden tarjota teoksia&#8230; <a class=\"excerpt-read-more\" href=\"https:\/\/www.av-arkki.fi\/fi\/palvelut\/taiteilijoille\/\" title=\"ReadTaiteilijoille\">Lue lis\u00e4\u00e4 \u00bb<\/a><\/p>\n","protected":false},"author":4,"featured_media":0,"parent":29,"menu_order":1,"comment_status":"closed","ping_status":"closed","template":"","meta":{"_acf_changed":false,"footnotes":""},"class_list":["post-34561","page","type-page","status-publish","hentry"],"acf":[],"_links":{"self":[{"href":"https:\/\/www.av-arkki.fi\/fi\/wp-json\/wp\/v2\/pages\/34561","targetHints":{"allow":["GET"]}}],"collection":[{"href":"https:\/\/www.av-arkki.fi\/fi\/wp-json\/wp\/v2\/pages"}],"about":[{"href":"https:\/\/www.av-arkki.fi\/fi\/wp-json\/wp\/v2\/types\/page"}],"author":[{"embeddable":true,"href":"https:\/\/www.av-arkki.fi\/fi\/wp-json\/wp\/v2\/users\/4"}],"replies":[{"embeddable":true,"href":"https:\/\/www.av-arkki.fi\/fi\/wp-json\/wp\/v2\/comments?post=34561"}],"version-history":[{"count":0,"href":"https:\/\/www.av-arkki.fi\/fi\/wp-json\/wp\/v2\/pages\/34561\/revisions"}],"up":[{"embeddable":true,"href":"https:\/\/www.av-arkki.fi\/fi\/wp-json\/wp\/v2\/pages\/29"}],"wp:attachment":[{"href":"https:\/\/www.av-arkki.fi\/fi\/wp-json\/wp\/v2\/media?parent=34561"}],"curies":[{"name":"wp","href":"https:\/\/api.w.org\/{rel}","templated":true}]}}