{"id":141,"date":"2018-11-08T14:31:03","date_gmt":"2018-11-08T14:31:03","guid":{"rendered":"http:\/\/www.av-arkki.fi\/?page_id=141"},"modified":"2026-04-22T12:03:52","modified_gmt":"2026-04-22T09:03:52","slug":"hinnasto","status":"publish","type":"page","link":"https:\/\/www.av-arkki.fi\/fi\/palvelut\/hinnasto\/","title":{"rendered":"Hinnasto"},"content":{"rendered":"\n<p><a href=\"https:\/\/www.av-arkki.fi\/fi\/palvelut\/esitysoikeudet\/\">Teosten tilaaminen edellytt\u00e4\u00e4 AV-arkin teosvuokrauksen ehtojen hyv\u00e4ksymist\u00e4.<\/a><\/p>\n\n\n\n<p>Ota yhteys ohjelmakoordinaattori Avreno Heikkaan (<a href=\"mailto:programme@av-arkki.fi\">programme@av-arkki.fi<\/a>) kun haluat vuokrata teoksia tapahtumasi ohjelmistoon!<\/p>\n\n\n\n<p>Huomioithan, ett\u00e4 AV-arkilla on oma esityskorvaushinnasto <a href=\"#oppilaitokset\">oppilaitoksille<\/a>.<\/p>\n\n\n\n<h2 class=\"wp-block-heading\"><strong>Esityskorvaushinnasto<\/strong><\/h2>\n\n\n\n<p>AV-arkki laskuttaa esityskorvauksia arkiston taiteilijoiden teosten esitt\u00e4misest\u00e4.<\/p>\n\n\n\n<p><strong>Esityskorvaus sis\u00e4lt\u00e4\u00e4 AV-arkin palvelupaketin:<\/strong><\/p>\n\n\n\n<p>\u2013 Esityskorvaukset taiteilijoille<br>\u2013 Neuvonta teosvalinnoissa sek\u00e4 teknisiss\u00e4 kysymyksiss\u00e4<br>\u2013 Esityskopion valmistaminen ja toimittaminen verkon v\u00e4lityksell\u00e4<br>\u2013 Lehdist\u00f6materiaalin k\u00e4ytt\u00f6oikeus<\/p>\n\n\n\n<p>Tilausten normaali toimitusaika on max. 14 arkip\u00e4iv\u00e4\u00e4. Loma-ajat saattavat pident\u00e4\u00e4 toimitusaikoja.<br>Kiiretoimitus kaksinkertaistaa k\u00e4sittelykulut.<\/p>\n\n\n\n<p><strong>Esityskopion toimittaminen verkon v\u00e4lityksell\u00e4 sis\u00e4ltyy esityskorvaukseen.<\/strong><\/p>\n\n\n\n<p class=\"p1\"><span class=\"s1\">Esityskorvauksesta 60 % tilitet\u00e4\u00e4n taiteilijalle\/tuottajalle rojalteina. 40% esityskorvauksesta on AV-arkin k\u00e4sittelykuluja.<\/span><\/p>\n\n\n\n<p>AV-arkki ei ole alv-velvollinen (alv 0%).<\/p>\n\n\n\n<h2 class=\"wp-block-heading\">Nauhateokset \/ elokuvateatteriesitys<\/h2>\n\n\n\n<p>Teoksen kesto alle 20 min. 100 \u20ac \/ esitys (sis alv. 0%)<br>Teoksen kesto 20\u201340 min. 200 \u20ac \/ esitys (sis alv. 0%)<br>Teoksen kesto yli 40 min. 400 \u20ac \/ esitys (sis alv. 0%)<\/p>\n\n\n\n<p>esityskertoja 2\u20135 samassa tapahtumassa: alennus kokonaishinnasta 25 %<br>esityskertoja 6\u201310 samassa tapahtumassa: alennus kokonaishinnasta 50 %<\/p>\n\n\n\n<p>Kokonaisia n\u00e4yt\u00f6ksi\u00e4 ja suurempia teoskokonaisuuksia vuokratessa esityskorvaukset hinnoitellaan tapauskohtaisesti.<\/p>\n\n\n\n<h2 class=\"wp-block-heading\">Installaatioesitys \/ museo tai n\u00e4yttely<\/h2>\n\n\n\n<p>Esityskorvaus per teos, n\u00e4yttelyn keston mukaan:<\/p>\n\n\n\n<p>1 kk: 700 \u20ac<br>2 kk: 1050 \u20ac<br>3 kk: 1400 \u20ac<br>4 kk: 1750 \u20ac<br>5 kk: 2100 \u20ac<br>6 kk: 2450 \u20ac<br>yli 6 kk: sovitaan tapauskohtaisesti<\/p>\n\n\n\n<p>N\u00e4yttely\u00e4 j\u00e4rjest\u00e4v\u00e4 taho vastaa ripustukseen ja esitystekniikkaan liittyvist\u00e4 kustannuksista ja j\u00e4rjestelyist\u00e4.<\/p>\n\n\n\n<p><strong>AV-arkin esityskorvaukset eiv\u00e4t sis\u00e4ll\u00e4 taiteilijalle kuuluvaa konsultaatioon, esiintymiseen, ripustamiseen tai teoksen kustomointiin liittyv\u00e4\u00e4 palkkiota. Tapahtuman j\u00e4rjest\u00e4j\u00e4n tulee maksaa taiteilijalle erillinen palkkio t\u00e4st\u00e4 ty\u00f6st\u00e4.<\/strong><\/p>\n\n\n\n<h2 class=\"wp-block-heading\"><strong>Lyhytaikainen installaatioesitys: festivaalit tai muut tapahtumat<\/strong><\/h2>\n\n\n\n<p>Esityskorvaus per teos:<\/p>\n\n\n\n<p>Viikko: 350 \u20ac<br>Viikonloppu: 300 \u20ac<\/p>\n\n\n\n<h2 class=\"wp-block-heading\"><strong>Verkkoesitys<\/strong><\/h2>\n\n\n\n<p>Sovitaan tapauskohtaisesti.<\/p>\n\n\n\n<h2 class=\"wp-block-heading\" id=\"oppilaitokset\"><strong>Oppilaitokset<\/strong><\/h2>\n\n\n\n<p>Yksitt\u00e4isten teosten esitysoikeudet kotimaisille oppilaitoksille verkon v\u00e4lityksell\u00e4 (salasanalla suojattu striimauslinkki):<\/p>\n\n\n\n<p>1\u20133 teosta, 50 \u20ac\/teos\/kurssi<br>4\u20136 teosta, 45 \u20ac\/teos\/kurssi<br>7\u201310 teosta, 35 \u20ac\/teos\/kurssi<br>yli 10 teosta, 30 \u20ac\/teos\/kurssi<\/p>\n\n\n\n<p>Ota yhteys ohjelmakoordinaattori Avreno Heikkaan (<a href=\"mailto:programme@av-arkki.fi\">programme@av-arkki.fi<\/a>) kun haluat hy\u00f6dynt\u00e4\u00e4 teoksia osana opetusta. <\/p>\n\n\n\n<h2 class=\"wp-block-heading\"><strong>Konsultaatio<\/strong><\/h2>\n\n\n\n<p>Laskutetaan 30 min. mukaan 75 \u20ac\/h (sis. alv 0%)<br>Minimilaskutus 75 \u20ac.<\/p>\n\n\n\n<h2 class=\"wp-block-heading\"><strong>Editointipalvelu<\/strong><\/h2>\n\n\n\n<p>Laskutetaan 30 min mukaan 145 \u20ac\/h&nbsp;(sis alv 0%)<br>Minimilaskutus 145 \u20ac.<\/p>\n\n\n\n<h2 class=\"wp-block-heading\"><strong>Tiedostonsiirto<\/strong><\/h2>\n\n\n\n<p>Tiedostonsiirto verkon v\u00e4lityksell\u00e4 ilman esitysoikeuksia 40 \u20ac \/ tiedosto (sis alv 0%).<\/p>\n\n\n\n<p>Sis\u00e4lt\u00e4\u00e4 ainoastaan latauslinkin toimittamisen valmiista tiedostosta. Jos tiedosto pit\u00e4\u00e4 konvertoida tai valmistaa erikseen, laskutetaan lis\u00e4ty\u00f6st\u00e4 editointipalveluhinnaston mukaisesti.<\/p>\n\n\n\n<h2 class=\"wp-block-heading\"><strong>Toimitusmaksut<\/strong><\/h2>\n\n\n\n<p>Esityskopioiden postitus, normaalikokoinen kirje, kotimaa 20 \u20ac&nbsp;(sis alv 0%)<br>Esityskopioiden postitus, maksikirje, kotimaa 30 \u20ac&nbsp;(sis alv 0%)<br>Ulkomaille postitus ja kuriiri hinnoillaan tapauskohtaisesti.<\/p>\n\n\n\n<h2 class=\"wp-block-heading\"><strong>Tallennemateriaalit<\/strong><\/h2>\n\n\n\n<p>Muistitikut, kovalevyt ja muut tallennemateriaalit laskutetaan tapauskohtaisesti.<\/p>\n","protected":false},"excerpt":{"rendered":"<p>Teosten tilaaminen edellytt\u00e4\u00e4 AV-arkin teosvuokrauksen ehtojen hyv\u00e4ksymist\u00e4. Ota yhteys ohjelmakoordinaattori Avreno Heikkaan (programme@av-arkki.fi) kun haluat vuokrata teoksia tapahtumasi ohjelmistoon! Huomioithan, ett\u00e4 AV-arkilla on oma esityskorvaushinnasto oppilaitoksille. Esityskorvaushinnasto AV-arkki&#8230; <a class=\"excerpt-read-more\" href=\"https:\/\/www.av-arkki.fi\/fi\/palvelut\/hinnasto\/\" title=\"ReadHinnasto\">Lue lis\u00e4\u00e4 \u00bb<\/a><\/p>\n","protected":false},"author":4,"featured_media":0,"parent":29,"menu_order":5,"comment_status":"closed","ping_status":"closed","template":"","meta":{"_acf_changed":false,"footnotes":""},"class_list":["post-141","page","type-page","status-publish","hentry"],"acf":[],"_links":{"self":[{"href":"https:\/\/www.av-arkki.fi\/fi\/wp-json\/wp\/v2\/pages\/141","targetHints":{"allow":["GET"]}}],"collection":[{"href":"https:\/\/www.av-arkki.fi\/fi\/wp-json\/wp\/v2\/pages"}],"about":[{"href":"https:\/\/www.av-arkki.fi\/fi\/wp-json\/wp\/v2\/types\/page"}],"author":[{"embeddable":true,"href":"https:\/\/www.av-arkki.fi\/fi\/wp-json\/wp\/v2\/users\/4"}],"replies":[{"embeddable":true,"href":"https:\/\/www.av-arkki.fi\/fi\/wp-json\/wp\/v2\/comments?post=141"}],"version-history":[{"count":0,"href":"https:\/\/www.av-arkki.fi\/fi\/wp-json\/wp\/v2\/pages\/141\/revisions"}],"up":[{"embeddable":true,"href":"https:\/\/www.av-arkki.fi\/fi\/wp-json\/wp\/v2\/pages\/29"}],"wp:attachment":[{"href":"https:\/\/www.av-arkki.fi\/fi\/wp-json\/wp\/v2\/media?parent=141"}],"curies":[{"name":"wp","href":"https:\/\/api.w.org\/{rel}","templated":true}]}}