{"id":139,"date":"2018-11-08T14:30:57","date_gmt":"2018-11-08T14:30:57","guid":{"rendered":"http:\/\/www.av-arkki.fi\/?page_id=139"},"modified":"2024-05-20T13:57:17","modified_gmt":"2024-05-20T10:57:17","slug":"esitysoikeudet","status":"publish","type":"page","link":"https:\/\/www.av-arkki.fi\/fi\/palvelut\/esitysoikeudet\/","title":{"rendered":"Teosvuokraamisen ehdot"},"content":{"rendered":"<p>AV-arkin hy\u00f6dynt\u00e4minen on kustannustehokasta ja resursseja s\u00e4\u00e4st\u00e4v\u00e4\u00e4. Henkil\u00f6kuntamme auttaa kaikissa teosten vuokraamiseen, esitt\u00e4miseen ja teoshankintoihin liittyviss\u00e4 kysymyksiss\u00e4!<\/p>\n<p>Ota yhteys ohjelmakoordinaattori Avreno Heikkaan (<a href=\"mailto:programme@av-arkki.fi\">programme@av-arkki.fi<\/a>) kun haluat vuokrata teoksia tapahtumasi ohjelmistoon!<\/p>\n<p><a href=\"https:\/\/www.av-arkki.fi\/fi\/palvelut\/hinnasto\/\">AV-arkki laskuttaa esityskorvauksia teosten esitt\u00e4misest\u00e4.<\/a><\/p>\n<hr \/>\n<p><strong>AV-arkki.fi verkkopalvelun teosn\u00e4ytteet ja kuvat on tarkoitettu ainoastaan ammattimaisiin esikatselutarkoituksiin.<br \/>\n<\/strong><\/p>\n<p><strong>Teosten julkinen esitt\u00e4minen (my\u00f6s opetusk\u00e4ytt\u00f6) av-arkki.fi -sivustolta on ehdottomasti kielletty.<\/strong><\/p>\n<h2>Esitysoikeuksien vuokraamisen ehdot<\/h2>\n<p><strong>Tilauksen tekeminen tarkoittaa AV-arkin teosvuokrauksen ehtojen hyv\u00e4ksymist\u00e4. Vuokrauksen ehdot ovat seuraavat:<\/strong><\/p>\n<p>Esityskorvaus tulee maksaa sovitun er\u00e4p\u00e4iv\u00e4n mukaisesti.<\/p>\n<p>Toimitusaika on 14 arkip\u00e4iv\u00e4\u00e4 tilauksen vastaanottamisesta. Toimitusaika ei sis\u00e4ll\u00e4 postituksen viem\u00e4\u00e4 aikaa. Loma-ajat saattavat vaikuttaa toimitusajan pituuteen.<\/p>\n<p>Fyysiset esitys- ja esikatselukopiot (esimerkiksi kovalevy, muistitikku, Blu-ray, DVD, nauhatallenne) tulee palauttaa AV-arkkiin viimeist\u00e4\u00e4n 14 arkip\u00e4iv\u00e4\u00e4 tapahtuman p\u00e4\u00e4ttymisen j\u00e4lkeen.<\/p>\n<p>Fyysisten esitys- ja esikatsemateriaalien kopioiminen on ehdottomasti kielletty.<\/p>\n<p>Fyysisten esitys- ja esikatselukopioiden my\u00f6h\u00e4styneest\u00e4 palauttamisesta laskutetaan korvaus. Palauttamatta j\u00e4tetty materiaali laskutetaan asiakkaalta hankintahinnan mukaisesti.<\/p>\n<p><strong>AV-arkista toimitetut digitaaliset, tiedostomuotoiset esityskopiot<\/strong><strong> ja kaikki niist\u00e4 tehdyt kopiot tulee tuhota tapahtuman j\u00e4lkeen.<\/strong><\/p>\n<p><strong>Teoksen saa esitt\u00e4\u00e4 vain etuk\u00e4teen sovittuna ajankohtana ja etuk\u00e4teen sovitulla tavalla.<\/strong><\/p>\n<p>Teosta ei saa ladata verkkoon, julkaista mill\u00e4\u00e4n alustalla tai k\u00e4ytt\u00e4\u00e4 promootiotarkoituksiin.<\/p>\n<p>Teoksen kopioiminen ja\/tai tallentaminen osaksi yksityist\u00e4 tai julkista arkistoa on ehdottomasti kielletty.<\/p>\n<p>Kaikista lis\u00e4esityksist\u00e4 tulee sopia erikseen AV-arkin kanssa ja maksaa hinnaston mukainen esityskorvaus.<\/p>\n<p>AV-arkki tallentaa yhteysty\u00f6kumppaneiden ja asiakkaiden tiedot kulloinkin voimassa olevan <a href=\"https:\/\/www.av-arkki.fi\/fi\/tietosuojaseloste\/\">tietosuojaselosteen<\/a> mukaisesti.<\/p>\n<h2>Tilauksen peruminen<\/h2>\n<p><span style=\"font-weight: 400;\">Tilauksen voi perua ilman kuluja, jos tapahtuman alkamiseen on enemm\u00e4n kuin 14 arkip\u00e4iv\u00e4\u00e4 ja tilaukseen liittyvi\u00e4 teoksia ei ole toimitettu eik\u00e4 AV-arkin henkil\u00f6kunta ole palvellut asiakasta esimerkiksi teosvalintoihin tai teknisiin kysymyksiin liittyv\u00e4ll\u00e4 neuvonnalla.\u00a0<\/span><\/p>\n<p><span style=\"font-weight: 400;\">Jos asiakas peruu tilauksen ja AV-arkki on ehtinyt toimittaa teostiedostot ja\/tai palvellut asiakasta muilla tavoin (esimerkiksi ohjelmistosuunnitteluun tai esitystekniikkaan liittyv\u00e4\u00e4 konsultaatiota) laskutetaan 40 % esityskorvauksista. T\u00e4m\u00e4 on palvelumaksu eik\u00e4 sis\u00e4ll\u00e4 mink\u00e4\u00e4nlaisia esitysoikeuksia.<\/span><\/p>\n","protected":false},"excerpt":{"rendered":"<p>AV-arkin hy\u00f6dynt\u00e4minen on kustannustehokasta ja resursseja s\u00e4\u00e4st\u00e4v\u00e4\u00e4. Henkil\u00f6kuntamme auttaa kaikissa teosten vuokraamiseen, esitt\u00e4miseen ja teoshankintoihin liittyviss\u00e4 kysymyksiss\u00e4! Ota yhteys ohjelmakoordinaattori Avreno Heikkaan (programme@av-arkki.fi) kun haluat vuokrata teoksia tapahtumasi&#8230; <a class=\"excerpt-read-more\" href=\"https:\/\/www.av-arkki.fi\/fi\/palvelut\/esitysoikeudet\/\" title=\"ReadTeosvuokraamisen ehdot\">Lue lis\u00e4\u00e4 \u00bb<\/a><\/p>\n","protected":false},"author":4,"featured_media":0,"parent":29,"menu_order":4,"comment_status":"closed","ping_status":"closed","template":"","meta":{"_acf_changed":false,"footnotes":""},"class_list":["post-139","page","type-page","status-publish","hentry"],"acf":[],"_links":{"self":[{"href":"https:\/\/www.av-arkki.fi\/fi\/wp-json\/wp\/v2\/pages\/139","targetHints":{"allow":["GET"]}}],"collection":[{"href":"https:\/\/www.av-arkki.fi\/fi\/wp-json\/wp\/v2\/pages"}],"about":[{"href":"https:\/\/www.av-arkki.fi\/fi\/wp-json\/wp\/v2\/types\/page"}],"author":[{"embeddable":true,"href":"https:\/\/www.av-arkki.fi\/fi\/wp-json\/wp\/v2\/users\/4"}],"replies":[{"embeddable":true,"href":"https:\/\/www.av-arkki.fi\/fi\/wp-json\/wp\/v2\/comments?post=139"}],"version-history":[{"count":0,"href":"https:\/\/www.av-arkki.fi\/fi\/wp-json\/wp\/v2\/pages\/139\/revisions"}],"up":[{"embeddable":true,"href":"https:\/\/www.av-arkki.fi\/fi\/wp-json\/wp\/v2\/pages\/29"}],"wp:attachment":[{"href":"https:\/\/www.av-arkki.fi\/fi\/wp-json\/wp\/v2\/media?parent=139"}],"curies":[{"name":"wp","href":"https:\/\/api.w.org\/{rel}","templated":true}]}}